{"id":803,"date":"2022-04-24T14:44:37","date_gmt":"2022-04-24T14:44:37","guid":{"rendered":"https:\/\/geocienciasuo.olmeca.edu.mx\/?page_id=803"},"modified":"2026-02-23T14:08:41","modified_gmt":"2026-02-23T14:08:41","slug":"informacion-legal","status":"publish","type":"page","link":"https:\/\/geocienciasuo.olmeca.edu.mx\/index.php\/informacion-legal\/","title":{"rendered":"Informaci\u00f3n Legal"},"content":{"rendered":"<div id=\"tdi_1\" class=\"tdc-zone\"><div class=\"tdc_zone tdi_2  wpb_row td-pb-row\"  >\n<style scoped>\n\/* custom css - generated by TagDiv Composer *\/\n\n\/* custom css - generated by TagDiv Composer *\/\n.tdi_2{\r\n                    min-height: 0;\r\n                }\n<\/style><div id=\"tdi_3\" class=\"tdc-row stretch_row_content td-stretch-content\"><div class=\"vc_row tdi_4  wpb_row td-pb-row\" >\n<style scoped>\n\/* custom css - generated by TagDiv Composer *\/\n\n\/* custom css - generated by TagDiv Composer *\/\n.tdi_4,\r\n                .tdi_4 .tdc-columns{\r\n                    min-height: 0;\r\n                }.tdi_4,\r\n\t\t\t\t.tdi_4 .tdc-columns{\r\n\t\t\t\t    display: block;\r\n\t\t\t\t}.tdi_4 .tdc-columns{\r\n\t\t\t\t    width: 100%;\r\n\t\t\t\t}.tdi_4:before,\r\n\t\t\t\t.tdi_4:after{\r\n\t\t\t\t    display: table;\r\n\t\t\t\t}\n<\/style><div class=\"vc_column tdi_6  wpb_column vc_column_container tdc-column td-pb-span12\">\n<style scoped>\n\/* custom css - generated by TagDiv Composer *\/\n\n\/* custom css - generated by TagDiv Composer *\/\n.tdi_6{\r\n                    vertical-align: middle;\r\n                }.tdi_6 > .wpb_wrapper,\r\n\t\t\t\t.tdi_6 > .wpb_wrapper > .tdc-elements{\r\n\t\t\t\t    display: block;\r\n\t\t\t\t}.tdi_6 > .wpb_wrapper > .tdc-elements{\r\n\t\t\t\t    width: 100%;\r\n\t\t\t\t}.tdi_6 > .wpb_wrapper > .vc_row_inner{\r\n\t\t\t\t    width: auto;\r\n\t\t\t\t}.tdi_6 > .wpb_wrapper{\r\n\t\t\t\t    width: auto;\r\n\t\t\t\t    height: auto;\r\n\t\t\t\t}\n<\/style><div class=\"wpb_wrapper\" ><\/div><\/div><\/div><\/div><div id=\"tdi_7\" class=\"tdc-row\"><div class=\"vc_row tdi_8  wpb_row td-pb-row\" >\n<style scoped>\n\/* custom css - generated by TagDiv Composer *\/\n\n\/* custom css - generated by TagDiv Composer *\/\n.tdi_8,\r\n                .tdi_8 .tdc-columns{\r\n                    min-height: 0;\r\n                }.tdi_8,\r\n\t\t\t\t.tdi_8 .tdc-columns{\r\n\t\t\t\t    display: block;\r\n\t\t\t\t}.tdi_8 .tdc-columns{\r\n\t\t\t\t    width: 100%;\r\n\t\t\t\t}.tdi_8:before,\r\n\t\t\t\t.tdi_8:after{\r\n\t\t\t\t    display: table;\r\n\t\t\t\t}\n<\/style><div class=\"vc_column tdi_10  wpb_column vc_column_container tdc-column td-pb-span12\">\n<style scoped>\n\/* custom css - generated by TagDiv Composer *\/\n\n\/* custom css - generated by TagDiv Composer *\/\n.tdi_10{\r\n                    vertical-align: middle;\r\n                }.tdi_10 > .wpb_wrapper,\r\n\t\t\t\t.tdi_10 > .wpb_wrapper > .tdc-elements{\r\n\t\t\t\t    display: block;\r\n\t\t\t\t}.tdi_10 > .wpb_wrapper > .tdc-elements{\r\n\t\t\t\t    width: 100%;\r\n\t\t\t\t}.tdi_10 > .wpb_wrapper > .vc_row_inner{\r\n\t\t\t\t    width: auto;\r\n\t\t\t\t}.tdi_10 > .wpb_wrapper{\r\n\t\t\t\t    width: auto;\r\n\t\t\t\t    height: auto;\r\n\t\t\t\t}\n<\/style><div class=\"wpb_wrapper\" ><div class=\"tdm_block td_block_wrap tdm_block_inline_text tdi_11 td-pb-border-top td_block_template_1\"  data-td-block-uid=\"tdi_11\" >\n<style>\n\/* custom css - generated by TagDiv Composer *\/\n.tdm_block.tdm_block_inline_text{\r\n                  margin-bottom: 0;\r\n                  vertical-align: top;\r\n                }.tdm_block.tdm_block_inline_text .tdm-descr{\r\n                  margin-bottom: 0;\r\n                  -webkit-transform: translateZ(0);\r\n                  transform: translateZ(0);\r\n                }.tdc-row-content-vert-center .tdm-inline-text-yes{\r\n                  vertical-align: middle;\r\n                }.tdc-row-content-vert-bottom .tdm-inline-text-yes{\r\n                  vertical-align: bottom;\r\n                }.tdi_11{\r\n                    text-align: left !important;\r\n                }.tdi_11 .tdm-descr{\r\n                    color: #000000;\r\n                }\n<\/style><p class=\"tdm-descr\"><b>Geociencias UO<\/b>, A\u00f1o 8 Vol. 8 N\u00fam. 2 Ejemplar 16 julio 2025, publicaci\u00f3n bianual, editada por la Universidad Olmeca, A. C., Carretera Federal Villahermosa - Esc\u00e1rcega, Km. 14+329.00 Margen Derecha, R\u00eda. Coronel Traconis 3ra. Secci\u00f3n, Centro, Tabasco, C.P. 86265, M\u00e9xico a trav\u00e9s de la \nCoordinaci\u00f3n Editorial. Tel: +52 (993)1879700. Ext. 1140 y 1141, \nWebsite: geocienciasuo.olmeca.edu.mx, Correo electr\u00f3nica: editorial@olmeca.edu.mx  \nEditor responsable Julio C\u00e9sar Javier Quero. Responsable de \u00faltima actualizaci\u00f3n de contenidos online y fecha: 15 de agosto 2025 por Jos\u00e9 Alejandro E. Chabl\u00e9 G\u00f3mez.\n<br>\n<br>\nReserva de Derechos al Uso Exclusivo: 04-2019-092513413800-102, ISSN Electr\u00f3nico: 2954-3533.\nCertificado de Licitud de T\u00edtulo: en tr\u00e1mite y Certificado de Licitud de Contenido: en tr\u00e1mite, ambos otorgados por la Comisi\u00f3n Calificadora de Publicaciones y Revistas Ilustradas de la Secretaria de Gobernaci\u00f3n. \n<br>\n<br>\nLas opiniones expresadas por los autores no necesariamente reflejan la postura de la Universidad Olmeca.\nD. R. \u00a9 2025 Universidad Olmeca, A. C., Carretera Villahermosa-Macuspana, km 14, Dos Montes, Centro,\nC. P. 86280, Villahermosa, Tabasco, M\u00e9xico.\n<br>\n<br>\n<br>\n<a rel=\"license\" href=\"https:\/\/creativecommons.org\/licenses\/by-nc-sa\/4.0\/\"><img decoding=\"async\" alt=\"Licencia de Creative Commons\" style=\"border-width:0\" src=\"https:\/\/geocienciasuo.olmeca.edu.mx\/wp-content\/uploads\/2023\/08\/by-nc-sa.png\" \/><\/a><br \/>Este sitio <b>Geociencias UO<\/b> y sus contenidos est\u00e1n bajo la <a rel=\"license\" href=\"https:\/\/creativecommons.org\/licenses\/by-nc-sa\/4.0\/deed.es\">licencia de Creative Commons Reconocimiento-NoComercial-CompartirIgual 4.0 Internacional<\/a>.\n<br>\nUsted es libre de descargar, desplegar e imprimir los archivos de este Sitio Web. Bajo el cumplimiento de algunas condiciones usted podr\u00e1 copiar y distribuir cualquier art\u00edculo \u00fanicamente para uso personal o acad\u00e9mico.\n<br>\n<br>\n<b>Condiciones<\/b>\n<br>\n\u2022 Deber\u00e1 dar cr\u00e9dito al autor y\/o al productor original (atribuci\u00f3n).\n<br>\n\u2022 No utilizar\u00e1 el contenido de este Sitio Web para prop\u00f3sitos comerciales (no comercial).\n<br>\n\u2022 Se proh\u00edbe cualquier otro uso de los archivos de este Sitio Web y su contenido, diferente al autorizado en esta declaraci\u00f3n de derechos.\n<br>\n\u2022 Si remezcla, transforma o crea a partir del material, debe distribuir su contribuci\u00f3n bajo la lamisma licencia del original.\n<br>\n<br><\/p><\/div><\/div><\/div><\/div><\/div><\/div><\/div>","protected":false},"excerpt":{"rendered":"","protected":false},"author":6,"featured_media":0,"parent":0,"menu_order":0,"comment_status":"closed","ping_status":"closed","template":"page-pagebuilder-title.php","meta":{"footnotes":""},"class_list":["post-803","page","type-page","status-publish"],"_links":{"self":[{"href":"https:\/\/geocienciasuo.olmeca.edu.mx\/index.php\/wp-json\/wp\/v2\/pages\/803","targetHints":{"allow":["GET"]}}],"collection":[{"href":"https:\/\/geocienciasuo.olmeca.edu.mx\/index.php\/wp-json\/wp\/v2\/pages"}],"about":[{"href":"https:\/\/geocienciasuo.olmeca.edu.mx\/index.php\/wp-json\/wp\/v2\/types\/page"}],"author":[{"embeddable":true,"href":"https:\/\/geocienciasuo.olmeca.edu.mx\/index.php\/wp-json\/wp\/v2\/users\/6"}],"replies":[{"embeddable":true,"href":"https:\/\/geocienciasuo.olmeca.edu.mx\/index.php\/wp-json\/wp\/v2\/comments?post=803"}],"version-history":[{"count":33,"href":"https:\/\/geocienciasuo.olmeca.edu.mx\/index.php\/wp-json\/wp\/v2\/pages\/803\/revisions"}],"predecessor-version":[{"id":1452,"href":"https:\/\/geocienciasuo.olmeca.edu.mx\/index.php\/wp-json\/wp\/v2\/pages\/803\/revisions\/1452"}],"wp:attachment":[{"href":"https:\/\/geocienciasuo.olmeca.edu.mx\/index.php\/wp-json\/wp\/v2\/media?parent=803"}],"curies":[{"name":"wp","href":"https:\/\/api.w.org\/{rel}","templated":true}]}}